{"id":68,"date":"2009-11-02T19:59:05","date_gmt":"2009-11-02T17:59:05","guid":{"rendered":"http:\/\/www.tapsi.usobridgestone.com\/?page_id=68"},"modified":"2018-11-14T11:33:27","modified_gmt":"2018-11-14T09:33:27","slug":"u-s-o-accion","status":"publish","type":"page","link":"https:\/\/www.sitb.es\/?page_id=68","title":{"rendered":"La Voz Burgos"},"content":{"rendered":"<p style=\"padding-left: 180px; text-align: center;\"><a href=\"https:\/\/www.sitb.es\/wp-content\/uploads\/2009\/11\/Logo-SITB-Burgos.jpg\"><img loading=\"lazy\" decoding=\"async\" class=\"size-full wp-image-1271\" title=\"Logo SITB Burgos\" src=\"https:\/\/www.sitb.es\/wp-content\/uploads\/2009\/11\/Logo-SITB-Burgos.jpg\" alt=\"\" width=\"479\" height=\"144\" \/><\/a><\/p>\n<p style=\"padding-left: 180px; text-align: center;\"><a href=\"https:\/\/www.sitb.es\/wp-content\/uploads\/2013\/10\/Septiembre-2013-burgos-.pdf\" target=\"_blank\"><img loading=\"lazy\" decoding=\"async\" title=\"icono-boletin\" src=\"https:\/\/www.sitb.es\/wp-content\/uploads\/2009\/11\/icono-boletin.png\" alt=\"icono-boletin\" width=\"29\" height=\"31\" \/>Septiembre de 2013<\/a><\/p>\n<p style=\"padding-left: 180px; text-align: center;\"><a href=\"https:\/\/www.sitb.es\/wp-content\/uploads\/2013\/10\/26-LA-VOZ-A3-BURGOS.pdf\" target=\"_blank\"><img loading=\"lazy\" decoding=\"async\" title=\"icono-boletin\" src=\"https:\/\/www.sitb.es\/wp-content\/uploads\/2009\/11\/icono-boletin.png\" alt=\"icono-boletin\" width=\"29\" height=\"31\" \/>Junio de 2013 de 2013<\/a><\/p>\n<p style=\"padding-left: 180px; text-align: center;\"><a href=\"https:\/\/www.sitb.es\/wp-content\/uploads\/2013\/06\/La-Voz-Burgos-abril-2013_2.pdf\" target=\"_blank\"><img loading=\"lazy\" decoding=\"async\" title=\"icono-boletin\" src=\"https:\/\/www.sitb.es\/wp-content\/uploads\/2009\/11\/icono-boletin.png\" alt=\"icono-boletin\" width=\"29\" height=\"31\" \/>Abril (2) de 2013<\/a><\/p>\n<p style=\"padding-left: 180px; text-align: center;\"><a href=\"https:\/\/www.sitb.es\/wp-content\/uploads\/2013\/06\/La-Voz-Burgos-abril-2013_1.pdf\" target=\"_blank\"><img loading=\"lazy\" decoding=\"async\" title=\"icono-boletin\" src=\"https:\/\/www.sitb.es\/wp-content\/uploads\/2009\/11\/icono-boletin.png\" alt=\"icono-boletin\" width=\"29\" height=\"31\" \/>Abril (1) de 2013<\/a><\/p>\n<p style=\"padding-left: 180px; text-align: center;\"><a href=\"https:\/\/www.sitb.es\/wp-content\/uploads\/2013\/02\/La-Voz-Burgos-ENERO-2013.pdf\" target=\"_blank\"><img loading=\"lazy\" decoding=\"async\" title=\"icono-boletin\" src=\"https:\/\/www.sitb.es\/wp-content\/uploads\/2009\/11\/icono-boletin.png\" alt=\"icono-boletin\" width=\"29\" height=\"31\" \/>Enero de 2013<\/a><\/p>\n<p style=\"padding-left: 180px; text-align: center;\"><a href=\"https:\/\/www.sitb.es\/wp-content\/uploads\/2013\/01\/La-Voz-Burgos-Diciembre-2012.pdf\" target=\"_blank\"><img loading=\"lazy\" decoding=\"async\" title=\"icono-boletin\" src=\"https:\/\/www.sitb.es\/wp-content\/uploads\/2009\/11\/icono-boletin.png\" alt=\"icono-boletin\" width=\"29\" height=\"31\" \/>Diciembre de 2012<\/a><\/p>\n<p style=\"padding-left: 180px; text-align: center;\"><a href=\"https:\/\/www.sitb.es\/wp-content\/uploads\/2013\/06\/LA-VOZ-ERE-final-2012.pdf\" target=\"_blank\"><img loading=\"lazy\" decoding=\"async\" title=\"icono-boletin\" src=\"https:\/\/www.sitb.es\/wp-content\/uploads\/2009\/11\/icono-boletin.png\" alt=\"icono-boletin\" width=\"29\" height=\"31\" \/>Septiembre (2) de 2012<\/a><\/p>\n<p style=\"padding-left: 180px; text-align: center;\"><a href=\"https:\/\/www.sitb.es\/wp-content\/uploads\/2013\/06\/Boletin-de-septiembre-2012.pdf\" target=\"_blank\"><img loading=\"lazy\" decoding=\"async\" title=\"icono-boletin\" src=\"https:\/\/www.sitb.es\/wp-content\/uploads\/2009\/11\/icono-boletin.png\" alt=\"icono-boletin\" width=\"29\" height=\"31\" \/>Septiembre (1) de 2012<\/a><\/p>\n<p style=\"padding-left: 180px; text-align: center;\"><a href=\"https:\/\/www.sitb.es\/wp-content\/uploads\/2013\/01\/La-Voz-Burgos-junio-2012.pdf\" target=\"_blank\"><img loading=\"lazy\" decoding=\"async\" title=\"icono-boletin\" src=\"https:\/\/www.sitb.es\/wp-content\/uploads\/2009\/11\/icono-boletin.png\" alt=\"icono-boletin\" width=\"29\" height=\"31\" \/>Junio de 2012<\/a><\/p>\n<p style=\"padding-left: 180px; text-align: center;\"><a href=\"https:\/\/www.sitb.es\/wp-content\/uploads\/2013\/01\/La-Voz-Burgos-mayo-2012.pdf\" target=\"_blank\"><img loading=\"lazy\" decoding=\"async\" title=\"icono-boletin\" src=\"https:\/\/www.sitb.es\/wp-content\/uploads\/2009\/11\/icono-boletin.png\" alt=\"icono-boletin\" width=\"29\" height=\"31\" \/>Mayo de 2012<\/a><\/p>\n<p style=\"padding-left: 180px; text-align: center;\"><a href=\"https:\/\/www.sitb.es\/wp-content\/uploads\/2013\/01\/La-Voz-Burgos-marzo-2012.pdf\" target=\"_blank\"><img loading=\"lazy\" decoding=\"async\" title=\"icono-boletin\" src=\"https:\/\/www.sitb.es\/wp-content\/uploads\/2009\/11\/icono-boletin.png\" alt=\"icono-boletin\" width=\"29\" height=\"31\" \/>Marzo de 2012<\/a><\/p>\n<p style=\"padding-left: 180px; text-align: center;\"><a href=\"https:\/\/www.sitb.es\/boletinesburgos\/Burgos_enero_12.pdf\" target=\"_blank\"><img loading=\"lazy\" decoding=\"async\" title=\"icono-boletin\" src=\"https:\/\/www.sitb.es\/wp-content\/uploads\/2009\/11\/icono-boletin.png\" alt=\"icono-boletin\" width=\"29\" height=\"31\" \/><\/a><a href=\"https:\/\/www.sitb.es\/boletinesburgos\/Burgos_enero_12.pdf\" target=\"_blank\">N\u00famero 7 (Enero 2012)<\/a><\/p>\n<p style=\"padding-left: 180px; text-align: center;\"><a href=\"https:\/\/www.sitb.es\/boletinesburgos\/6_La_Voz_Burgos.pdf\" target=\"_blank\"><img loading=\"lazy\" decoding=\"async\" title=\"icono-boletin\" src=\"https:\/\/www.sitb.es\/wp-content\/uploads\/2009\/11\/icono-boletin.png\" alt=\"icono-boletin\" width=\"29\" height=\"31\" \/><\/a><a href=\"https:\/\/www.sitb.es\/boletinesburgos\/6_La_Voz_Burgos.pdf\" target=\"_blank\">N\u00famero 6 (Octubre 2011)<\/a><\/p>\n<p style=\"padding-left: 180px; text-align: center;\"><a href=\"https:\/\/www.sitb.es\/boletinesburgos\/5_La_Voz_Burgos.pdf\" target=\"_blank\"><img loading=\"lazy\" decoding=\"async\" class=\"size-full wp-image-499               alignnone\" title=\"icono-boletin\" src=\"https:\/\/www.sitb.es\/wp-content\/uploads\/2009\/11\/icono-boletin.png\" alt=\"icono-boletin\" width=\"29\" height=\"31\" \/><\/a><a href=\"https:\/\/www.sitb.es\/boletinesburgos\/5_La_Voz_Burgos.pdf\" target=\"_blank\">N\u00famero 5 (Junio 2011)<\/a><\/p>\n<p style=\"padding-left: 180px; text-align: center;\"><a href=\"https:\/\/www.sitb.es\/boletinesburgos\/El_Pensionazo.pdf\" target=\"_blank\"><img loading=\"lazy\" decoding=\"async\" class=\"size-full wp-image-499                alignnone\" title=\"icono-boletin\" src=\"https:\/\/www.sitb.es\/wp-content\/uploads\/2009\/11\/icono-boletin.png\" alt=\"icono-boletin\" width=\"29\" height=\"31\" \/><\/a><a href=\"https:\/\/www.sitb.es\/boletinesburgos\/El_Pensionazo.pdf\" target=\"_blank\">N\u00famero 4 &#8211; El Pensionazo (Mayo 2011)<\/a><\/p>\n<p style=\"padding-left: 180px; text-align: center;\"><a href=\"https:\/\/www.sitb.es\/boletinesburgos\/3_La_Voz_Burgos.pdf\" target=\"_blank\"><img loading=\"lazy\" decoding=\"async\" class=\"size-full wp-image-499           alignnone\" title=\"icono-boletin\" src=\"https:\/\/www.sitb.es\/wp-content\/uploads\/2009\/11\/icono-boletin.png\" alt=\"icono-boletin\" width=\"29\" height=\"31\" \/><\/a><a href=\"https:\/\/www.sitb.es\/boletinesburgos\/3_La_Voz_Burgos.pdf\" target=\"_blank\">N\u00famero 3 (Febrero 2011)<\/a><\/p>\n<p style=\"padding-left: 180px; text-align: center;\"><a href=\"https:\/\/www.sitb.es\/boletinesburgos\/2_La_Voz_Burgos.pdf\" target=\"_blank\"><img loading=\"lazy\" decoding=\"async\" class=\"size-full wp-image-499       alignnone\" title=\"icono-boletin\" src=\"https:\/\/www.sitb.es\/wp-content\/uploads\/2009\/11\/icono-boletin.png\" alt=\"icono-boletin\" width=\"29\" height=\"31\" \/><\/a><a href=\"https:\/\/www.sitb.es\/boletinesburgos\/2_La_Voz_Burgos.pdf\" target=\"_blank\">N\u00famero 2 (Noviembre 2010)<\/a><\/p>\n<p style=\"padding-left: 180px; text-align: center;\"><a href=\"https:\/\/www.sitb.es\/boletinesburgos\/1_La_Voz_Burgos.pdf\" target=\"_blank\"><img loading=\"lazy\" decoding=\"async\" class=\"size-full wp-image-499   alignnone\" title=\"icono-boletin\" src=\"https:\/\/www.sitb.es\/wp-content\/uploads\/2009\/11\/icono-boletin.png\" alt=\"icono-boletin\" width=\"29\" height=\"31\" \/><\/a><a href=\"https:\/\/www.sitb.es\/boletinesburgos\/1_La_Voz_Burgos.pdf\" target=\"_blank\">N\u00famero 1 (Octubre 2010)<\/a><\/p>\n","protected":false},"excerpt":{"rendered":"<p>Septiembre de 2013 Junio de 2013 de 2013 Abril (2) de 2013 Abril (1) de 2013 Enero de 2013 Diciembre de 2012 Septiembre (2) de 2012 Septiembre (1) de 2012 Junio de 2012 Mayo de 2012 Marzo de 2012 N\u00famero 7 (Enero 2012) N\u00famero 6 (Octubre 2011) N\u00famero 5 (Junio 2011) N\u00famero 4 &#8211; El [&hellip;]<\/p>\n","protected":false},"author":1,"featured_media":1271,"parent":74,"menu_order":0,"comment_status":"closed","ping_status":"closed","template":"","meta":{"_joinchat":[],"footnotes":""},"class_list":["post-68","page","type-page","status-publish","has-post-thumbnail","hentry"],"_links":{"self":[{"href":"https:\/\/www.sitb.es\/index.php?rest_route=\/wp\/v2\/pages\/68","targetHints":{"allow":["GET"]}}],"collection":[{"href":"https:\/\/www.sitb.es\/index.php?rest_route=\/wp\/v2\/pages"}],"about":[{"href":"https:\/\/www.sitb.es\/index.php?rest_route=\/wp\/v2\/types\/page"}],"author":[{"embeddable":true,"href":"https:\/\/www.sitb.es\/index.php?rest_route=\/wp\/v2\/users\/1"}],"replies":[{"embeddable":true,"href":"https:\/\/www.sitb.es\/index.php?rest_route=%2Fwp%2Fv2%2Fcomments&post=68"}],"version-history":[{"count":41,"href":"https:\/\/www.sitb.es\/index.php?rest_route=\/wp\/v2\/pages\/68\/revisions"}],"predecessor-version":[{"id":2491,"href":"https:\/\/www.sitb.es\/index.php?rest_route=\/wp\/v2\/pages\/68\/revisions\/2491"}],"up":[{"embeddable":true,"href":"https:\/\/www.sitb.es\/index.php?rest_route=\/wp\/v2\/pages\/74"}],"wp:featuredmedia":[{"embeddable":true,"href":"https:\/\/www.sitb.es\/index.php?rest_route=\/wp\/v2\/media\/1271"}],"wp:attachment":[{"href":"https:\/\/www.sitb.es\/index.php?rest_route=%2Fwp%2Fv2%2Fmedia&parent=68"}],"curies":[{"name":"wp","href":"https:\/\/api.w.org\/{rel}","templated":true}]}}