{"id":66,"date":"2009-11-02T19:57:12","date_gmt":"2009-11-02T17:57:12","guid":{"rendered":"http:\/\/www.tapsi.usobridgestone.com\/?page_id=66"},"modified":"2018-11-14T11:33:44","modified_gmt":"2018-11-14T09:33:44","slug":"la-voz-psm","status":"publish","type":"page","link":"https:\/\/www.sitb.es\/?page_id=66","title":{"rendered":"La Voz PSM"},"content":{"rendered":"<p style=\"text-align: center;\">BOLET\u00cdN TRIMESTRAL DEL <strong>SITB-USO<\/strong><img loading=\"lazy\" decoding=\"async\" class=\"size-full wp-image-222 aligncenter\" title=\"Logo La Voz\" src=\"https:\/\/www.sitb.es\/wp-content\/uploads\/2009\/11\/Logo-La-Voz.jpg\" alt=\"Logo La Voz\" width=\"700\" height=\"210\" \/><\/p>\n<p style=\"text-align: center;\">Descarga los \u00faltimos n\u00fameros de <strong><span style=\"color: #ff0000;\">LA VOZ PSM<\/span><\/strong><\/p>\n<p style=\"text-align: center;\">\n<p style=\"padding-left: 180px; text-align: center;\"><a href=\"https:\/\/www.sitb.es\/wp-content\/uploads\/2013\/06\/26-LA-VOZ-A3.pdf\" target=\"_blank\"><img loading=\"lazy\" decoding=\"async\" title=\"icono-boletin\" src=\"..\/wp-content\/uploads\/2009\/11\/icono-boletin.png\" alt=\"icono-boletin\" width=\"29\" height=\"31\" \/><\/a><a href=\"https:\/\/www.sitb.es\/wp-content\/uploads\/2013\/06\/26-LA-VOZ-A3.pdf\" target=\"_blank\">Junio 2013<\/a><\/p>\n<p style=\"padding-left: 180px; text-align: center;\"><a href=\"https:\/\/www.sitb.es\/wp-content\/uploads\/2013\/06\/25-LA-VOZ-A3.pdf\" target=\"_blank\"><img loading=\"lazy\" decoding=\"async\" title=\"icono-boletin\" src=\"..\/wp-content\/uploads\/2009\/11\/icono-boletin.png\" alt=\"icono-boletin\" width=\"29\" height=\"31\" \/><\/a><a href=\"https:\/\/www.sitb.es\/wp-content\/uploads\/2013\/06\/25-LA-VOZ-A3.pdf\" target=\"_blank\">Enero 2013<\/a><\/p>\n<p style=\"padding-left: 180px; text-align: center;\"><a href=\"https:\/\/www.sitb.es\/wp-content\/uploads\/2013\/06\/21-LA-VOZ-A3.pdf\" target=\"_blank\"><img loading=\"lazy\" decoding=\"async\" title=\"icono-boletin\" src=\"..\/wp-content\/uploads\/2009\/11\/icono-boletin.png\" alt=\"icono-boletin\" width=\"29\" height=\"31\" \/><\/a><a href=\"https:\/\/www.sitb.es\/wp-content\/uploads\/2013\/06\/21-LA-VOZ-A3.pdf\" target=\"_blank\">Agosto 2012<\/a><\/p>\n<p style=\"padding-left: 180px; text-align: center;\"><a href=\"https:\/\/www.sitb.es\/wp-content\/uploads\/2013\/06\/19-LA-VOZ-A3.pdf\" target=\"_blank\"><img loading=\"lazy\" decoding=\"async\" title=\"icono-boletin\" src=\"..\/wp-content\/uploads\/2009\/11\/icono-boletin.png\" alt=\"icono-boletin\" width=\"29\" height=\"31\" \/><\/a><a href=\"https:\/\/www.sitb.es\/wp-content\/uploads\/2013\/06\/19-LA-VOZ-A3.pdf\" target=\"_blank\">Enero 2012<\/a><\/p>\n<p style=\"padding-left: 180px; text-align: center;\"><a href=\"..\/lavoz\/la-voz-18bis.pdf\" target=\"_blank\"><img loading=\"lazy\" decoding=\"async\" title=\"icono-boletin\" src=\"..\/wp-content\/uploads\/2009\/11\/icono-boletin.png\" alt=\"icono-boletin\" width=\"29\" height=\"31\" \/><\/a><a href=\"..\/lavoz\/la-voz-18bis.pdf\" target=\"_blank\">N\u00famero 18 SITB-USO Informa (Octubre 2011)<\/a><\/p>\n<p style=\"padding-left: 180px; text-align: center;\"><a href=\"..\/lavoz\/la-voz-18.pdf\" target=\"_blank\"><img loading=\"lazy\" decoding=\"async\" title=\"icono-boletin\" src=\"..\/wp-content\/uploads\/2009\/11\/icono-boletin.png\" alt=\"icono-boletin\" width=\"29\" height=\"31\" \/><\/a><a href=\"..\/lavoz\/la-voz-18.pdf\" target=\"_blank\">N\u00famero 18 (Septiembre 2011)<\/a><\/p>\n<p style=\"padding-left: 180px; text-align: center;\"><a href=\"..\/lavoz\/la-voz-17.pdf\" target=\"_blank\"><img loading=\"lazy\" decoding=\"async\" title=\"icono-boletin\" src=\"..\/wp-content\/uploads\/2009\/11\/icono-boletin.png\" alt=\"icono-boletin\" width=\"29\" height=\"31\" \/><\/a><a href=\"..\/lavoz\/la-voz-17.pdf\" target=\"_blank\">N\u00famero 17 (Mayo 2011)<\/a><\/p>\n<p style=\"padding-left: 180px; text-align: center;\"><a href=\"..\/lavoz\/la-voz-16.pdf\" target=\"_blank\"><img loading=\"lazy\" decoding=\"async\" title=\"icono-boletin\" src=\"..\/wp-content\/uploads\/2009\/11\/icono-boletin.png\" alt=\"icono-boletin\" width=\"29\" height=\"31\" \/><\/a><a href=\"..\/lavoz\/la-voz-16.pdf\" target=\"_blank\">N\u00famero 16 (Febrero 2011)<\/a><\/p>\n<p style=\"padding-left: 180px; text-align: center;\"><a href=\"..\/lavoz\/la-voz-15.pdf\" target=\"_blank\"><img loading=\"lazy\" decoding=\"async\" title=\"icono-boletin\" src=\"..\/wp-content\/uploads\/2009\/11\/icono-boletin.png\" alt=\"icono-boletin\" width=\"29\" height=\"31\" \/><\/a><a href=\"https:\/\/www.sitb.es\/lavoz\/la-voz-15.pdf\" target=\"_blank\">N\u00famero 15 (Noviembre 2010)<\/a><\/p>\n<p style=\"padding-left: 180px; text-align: center;\"><a href=\"https:\/\/www.sitb.es\/lavoz\/la-voz-14.pdf\" target=\"_blank\"><img loading=\"lazy\" decoding=\"async\" title=\"icono-boletin\" src=\"https:\/\/www.sitb.es\/wp-content\/uploads\/2009\/11\/icono-boletin.png\" alt=\"icono-boletin\" width=\"29\" height=\"31\" \/><\/a><a href=\"htp:\/\/www.sitb.es\/lavoz\/la-voz-14.pdf\" target=\"_blank\">N\u00famero 14\u00a0 (Octubre 2010)<\/a><\/p>\n<p style=\"padding-left: 180px; text-align: center;\"><a href=\"https:\/\/www.sitb.es\/lavoz\/la-voz-14.pdf\" target=\"_blank\"><img loading=\"lazy\" decoding=\"async\" class=\"alignnone size-full wp-image-499\" title=\"icono-boletin\" src=\"https:\/\/www.sitb.es\/wp-content\/uploads\/2009\/11\/icono-boletin.png\" alt=\"icono-boletin\" width=\"29\" height=\"31\" \/><\/a><a href=\"https:\/\/www.sitb.es\/lavoz\/la-voz-13.pdf\" target=\"_blank\">N\u00famero 13 (Julio 2010)<\/a><\/p>\n<p style=\"padding-left: 180px; text-align: center;\"><a href=\"https:\/\/www.sitb.es\/lavoz\/la-voz-12.pdf\" target=\"_blank\"><img loading=\"lazy\" decoding=\"async\" class=\"alignnone size-full wp-image-499\" title=\"icono-boletin\" src=\"https:\/\/www.sitb.es\/wp-content\/uploads\/2009\/11\/icono-boletin.png\" alt=\"icono-boletin\" width=\"29\" height=\"31\" \/><\/a><a href=\"https:\/\/www.sitb.es\/lavoz\/la-voz-12.pdf\" target=\"_blank\">N\u00famero 12 (Junio 2010)<\/a><\/p>\n<p style=\"padding-left: 180px; text-align: center;\"><a href=\"https:\/\/www.sitb.es\/lavoz\/la-voz-11.pdf\" target=\"_blank\"><img loading=\"lazy\" decoding=\"async\" class=\"alignnone size-full wp-image-499\" title=\"icono-boletin\" src=\"https:\/\/www.sitb.es\/wp-content\/uploads\/2009\/11\/icono-boletin.png\" alt=\"icono-boletin\" width=\"29\" height=\"31\" \/><\/a><a href=\"https:\/\/www.sitb.es\/lavoz\/la-voz-11.pdf\" target=\"_blank\">N\u00famero 11 (Diciembre 2009)<\/a><\/p>\n<p style=\"padding-left: 180px; text-align: center;\"><a href=\"https:\/\/www.sitb.es\/lavoz\/la-voz-10.pdf\" target=\"_blank\"><img loading=\"lazy\" decoding=\"async\" class=\"alignnone size-full wp-image-499\" title=\"icono-boletin\" src=\"https:\/\/www.sitb.es\/wp-content\/uploads\/2009\/11\/icono-boletin.png\" alt=\"icono-boletin\" width=\"29\" height=\"31\" \/><\/a><a href=\"https:\/\/www.sitb.es\/lavoz\/la-voz-10.pdf\" target=\"_blank\">N\u00famero 10 (Noviembre 2009)<\/a><\/p>\n<p style=\"padding-left: 180px; text-align: center;\"><a href=\"https:\/\/www.sitb.es\/lavoz\/la-voz-9.pdf\" target=\"_blank\"><img loading=\"lazy\" decoding=\"async\" class=\"alignnone size-full wp-image-499\" title=\"icono-boletin\" src=\"https:\/\/www.sitb.es\/wp-content\/uploads\/2009\/11\/icono-boletin.png\" alt=\"icono-boletin\" width=\"29\" height=\"31\" \/><\/a><a href=\"https:\/\/www.sitb.es\/lavoz\/la-voz-9.pdf\" target=\"_blank\">N\u00famero 9 (Julio 2009)<\/a><\/p>\n<p style=\"padding-left: 180px; text-align: center;\"><a href=\"https:\/\/www.sitb.es\/lavoz\/la-voz-8.pdf\" target=\"_blank\"><img loading=\"lazy\" decoding=\"async\" class=\"alignnone size-full wp-image-499\" title=\"icono-boletin\" src=\"https:\/\/www.sitb.es\/wp-content\/uploads\/2009\/11\/icono-boletin.png\" alt=\"icono-boletin\" width=\"29\" height=\"31\" \/><\/a><a href=\"https:\/\/www.sitb.es\/lavoz\/la-voz-8.pdf\" target=\"_blank\">N\u00famero 8 (Abril 2009)<\/a><\/p>\n<p style=\"padding-left: 180px; text-align: center;\"><a href=\"https:\/\/www.sitb.es\/lavoz\/la-voz-7.pdf\" target=\"_blank\"><img loading=\"lazy\" decoding=\"async\" class=\"alignnone size-full wp-image-499\" title=\"icono-boletin\" src=\"https:\/\/www.sitb.es\/wp-content\/uploads\/2009\/11\/icono-boletin.png\" alt=\"icono-boletin\" width=\"29\" height=\"31\" \/><\/a><a href=\"https:\/\/www.sitb.es\/lavoz\/la-voz-7.pdf\" target=\"_blank\">N\u00famero 7 (Septiembre 2008)<\/a><\/p>\n<p style=\"padding-left: 180px; text-align: center;\"><a href=\"https:\/\/www.sitb.es\/lavoz\/la-voz-6.pdf\" target=\"_blank\"><img loading=\"lazy\" decoding=\"async\" class=\"alignnone size-full wp-image-499\" title=\"icono-boletin\" src=\"https:\/\/www.sitb.es\/wp-content\/uploads\/2009\/11\/icono-boletin.png\" alt=\"icono-boletin\" width=\"29\" height=\"31\" \/><\/a><a href=\"https:\/\/www.sitb.es\/lavoz\/la-voz-6.pdf\" target=\"_blank\">N\u00famero 6 (Junio 2008)<br \/>\n<\/a><\/p>\n<p style=\"padding-left: 180px; text-align: center;\"><a href=\"https:\/\/www.sitb.es\/lavoz\/la-voz-5.pdf\" target=\"_blank\"><img loading=\"lazy\" decoding=\"async\" class=\"alignnone size-full wp-image-499\" title=\"icono-boletin\" src=\"https:\/\/www.sitb.es\/wp-content\/uploads\/2009\/11\/icono-boletin.png\" alt=\"icono-boletin\" width=\"29\" height=\"31\" \/><\/a><a href=\"https:\/\/www.sitb.es\/lavoz\/la-voz-5.pdf\" target=\"_blank\">N\u00famero 5 (Marzo 2008)<br \/>\n<\/a><\/p>\n<p style=\"padding-left: 180px; text-align: center;\"><a href=\"https:\/\/www.sitb.es\/lavoz\/la-voz-4.pdf\" target=\"_blank\"><img loading=\"lazy\" decoding=\"async\" class=\"alignnone size-full wp-image-499\" title=\"icono-boletin\" src=\"https:\/\/www.sitb.es\/wp-content\/uploads\/2009\/11\/icono-boletin.png\" alt=\"icono-boletin\" width=\"29\" height=\"31\" \/><\/a><a href=\"https:\/\/www.sitb.es\/lavoz\/la-voz-4.pdf\" target=\"_blank\">N\u00famero 4 (Diciembre 2007)<br \/>\n<\/a><\/p>\n<p style=\"padding-left: 180px; text-align: center;\"><a href=\"https:\/\/www.sitb.es\/lavoz\/la-voz-3.pdf\" target=\"_blank\"><img loading=\"lazy\" decoding=\"async\" class=\"alignnone size-full wp-image-499\" title=\"icono-boletin\" src=\"https:\/\/www.sitb.es\/wp-content\/uploads\/2009\/11\/icono-boletin.png\" alt=\"icono-boletin\" width=\"29\" height=\"31\" \/><\/a><a href=\"https:\/\/www.sitb.es\/lavoz\/la-voz-3.pdf\" target=\"_blank\">N\u00famero 3 (Septiembre 2007)<br \/>\n<\/a><\/p>\n<p style=\"padding-left: 180px; text-align: center;\"><a href=\"https:\/\/www.sitb.es\/lavoz\/la-voz-2.pdf\" target=\"_blank\"><img loading=\"lazy\" decoding=\"async\" class=\"alignnone size-full wp-image-499\" title=\"icono-boletin\" src=\"https:\/\/www.sitb.es\/wp-content\/uploads\/2009\/11\/icono-boletin.png\" alt=\"icono-boletin\" width=\"29\" height=\"31\" \/><\/a><a href=\"https:\/\/www.sitb.es\/lavoz\/la-voz-2.pdf\" target=\"_blank\">N\u00famero 2 (Junio 2007)<br \/>\n<\/a><\/p>\n<p style=\"padding-left: 180px; text-align: center;\"><a href=\"https:\/\/www.sitb.es\/lavoz\/la-voz-1.pdf\" target=\"_blank\"><img loading=\"lazy\" decoding=\"async\" class=\"alignnone size-full wp-image-499\" title=\"icono-boletin\" src=\"https:\/\/www.sitb.es\/wp-content\/uploads\/2009\/11\/icono-boletin.png\" alt=\"icono-boletin\" width=\"29\" height=\"31\" \/><\/a><a href=\"https:\/\/www.sitb.es\/lavoz\/la-voz-1.pdf\" target=\"_blank\">N\u00famero 1 (Marzo 2007)<br \/>\n<\/a><\/p>\n","protected":false},"excerpt":{"rendered":"<p>BOLET\u00cdN TRIMESTRAL DEL SITB-USO Descarga los \u00faltimos n\u00fameros de LA VOZ PSM Junio 2013 Enero 2013 Agosto 2012 Enero 2012 N\u00famero 18 SITB-USO Informa (Octubre 2011) N\u00famero 18 (Septiembre 2011) N\u00famero 17 (Mayo 2011) N\u00famero 16 (Febrero 2011) N\u00famero 15 (Noviembre 2010) N\u00famero 14\u00a0 (Octubre 2010) N\u00famero 13 (Julio 2010) N\u00famero 12 (Junio 2010) N\u00famero [&hellip;]<\/p>\n","protected":false},"author":1,"featured_media":499,"parent":74,"menu_order":0,"comment_status":"closed","ping_status":"closed","template":"","meta":{"_joinchat":[],"footnotes":""},"class_list":["post-66","page","type-page","status-publish","has-post-thumbnail","hentry"],"_links":{"self":[{"href":"https:\/\/www.sitb.es\/index.php?rest_route=\/wp\/v2\/pages\/66","targetHints":{"allow":["GET"]}}],"collection":[{"href":"https:\/\/www.sitb.es\/index.php?rest_route=\/wp\/v2\/pages"}],"about":[{"href":"https:\/\/www.sitb.es\/index.php?rest_route=\/wp\/v2\/types\/page"}],"author":[{"embeddable":true,"href":"https:\/\/www.sitb.es\/index.php?rest_route=\/wp\/v2\/users\/1"}],"replies":[{"embeddable":true,"href":"https:\/\/www.sitb.es\/index.php?rest_route=%2Fwp%2Fv2%2Fcomments&post=66"}],"version-history":[{"count":70,"href":"https:\/\/www.sitb.es\/index.php?rest_route=\/wp\/v2\/pages\/66\/revisions"}],"predecessor-version":[{"id":3034,"href":"https:\/\/www.sitb.es\/index.php?rest_route=\/wp\/v2\/pages\/66\/revisions\/3034"}],"up":[{"embeddable":true,"href":"https:\/\/www.sitb.es\/index.php?rest_route=\/wp\/v2\/pages\/74"}],"wp:featuredmedia":[{"embeddable":true,"href":"https:\/\/www.sitb.es\/index.php?rest_route=\/wp\/v2\/media\/499"}],"wp:attachment":[{"href":"https:\/\/www.sitb.es\/index.php?rest_route=%2Fwp%2Fv2%2Fmedia&parent=66"}],"curies":[{"name":"wp","href":"https:\/\/api.w.org\/{rel}","templated":true}]}}