{"id":29,"date":"2009-11-01T22:25:30","date_gmt":"2009-11-01T21:25:30","guid":{"rendered":"http:\/\/www.tapsi.usobridgestone.com\/?page_id=29"},"modified":"2020-06-01T10:46:25","modified_gmt":"2020-06-01T09:46:25","slug":"pag-1","status":"publish","type":"page","link":"https:\/\/www.sitb.es\/?page_id=29","title":{"rendered":"Con\u00f3cenos"},"content":{"rendered":"<p style=\"text-align: left;\"><strong>En las \u00faltimas elecciones de 2018, el SITB obtuvo m\u00e1s del 10,1 % de los delegados de todas las plantas, por lo que el convenio nos otorga 2 delegados sindicales m\u00e1s que son repartidos proporcionalmente a la representaci\u00f3n obtenido en cada una de las plantas en las que tenemos representaci\u00f3n: 1 delegado para PSM y 1 para Burgos.<\/strong><\/p>\n<h3 style=\"text-align: center;\"><strong><strong>Estos son los compa\u00f1eros y\/o compa\u00f1eras que forman nuestras Secciones Sindicales en Burgos, Basauri y en Puente San Miguel.<\/strong><\/strong><\/h3>\n<hr \/>\n<p><strong> BURGOS <\/strong><\/p>\n<ul>\n<li><strong>Juan Carlos L\u00f3pez S\u00e1nchez <\/strong><\/li>\n<li><strong>Jos\u00e9 Enrique Fontaneda Temi\u00f1o<\/strong><\/li>\n<li><strong>Mario Tejerina Rodriguez<\/strong><\/li>\n<\/ul>\n<p>\u2022 \u2022 <span style=\"color: #000000;\">Juan Carlos S\u00e1nchez Cirbi\u00e1n (Delegado Sindical)<\/span><\/p>\n<p><strong>\u2022 \u2022 <\/strong>Jes\u00fas Noriega Fernandez <span style=\"color: #000000;\">(Delegado Sindical)<\/span><\/p>\n<p><strong> \u2022 \u2022<\/strong>Daniel Dominguez Garc\u00eda (Delegado Sindical)<\/p>\n<p style=\"text-align: center;\"><span style=\"color: #ff0000;\"><strong>Contacto: sitb_bu@bridgestone.eu<\/strong><\/span><\/p>\n<hr \/>\n<h2 style=\"text-align: center;\"><strong>PUENTE SAN MIGUEL<\/strong><\/h2>\n<ul style=\"text-align: center;\">\n<li style=\"list-style-type: none;\">\n<ul style=\"text-align: center;\">\n<li><strong>Jos\u00e9 Enrique G\u00f3mez S\u00e1nchez <\/strong><\/li>\n<li><strong>Pablo Moreno G\u00f3mez<\/strong><\/li>\n<\/ul>\n<\/li>\n<\/ul>\n<ul style=\"text-align: center;\">\n<li style=\"list-style-type: none;\">\u2022 Juan Carlos Zamora L\u00f3pez <span style=\"color: #000000;\">(Delegado Sindical)<\/span><\/li>\n<li>\u2022 Guillermo Garrido Gonz\u00e1lez<\/li>\n<li>(Delegado Sindical)<\/li>\n<\/ul>\n<p style=\"text-align: center;\"><span style=\"color: #ff0000;\"><strong>Contacto: sitb_psm@bridgestone.eu<\/strong><\/span><\/p>\n<hr \/>\n<h2 style=\"text-align: center;\"><strong>BASAURI<\/strong><\/h2>\n<ul>\n<li style=\"text-align: center;\">Jos\u00e9 Ord\u00f3\u00f1ez Hontoria (Delegado Sindical)<\/li>\n<\/ul>\n<hr \/>\n","protected":false},"excerpt":{"rendered":"<p>En las \u00faltimas elecciones de 2018, el SITB obtuvo m\u00e1s del 10,1 % de los delegados de todas las plantas, por lo que el convenio nos otorga 2 delegados sindicales m\u00e1s que son repartidos proporcionalmente a la representaci\u00f3n obtenido en cada una de las plantas en las que tenemos representaci\u00f3n: 1 delegado para PSM y [&hellip;]<\/p>\n","protected":false},"author":1,"featured_media":0,"parent":0,"menu_order":1,"comment_status":"closed","ping_status":"open","template":"","meta":{"_joinchat":[],"footnotes":""},"class_list":["post-29","page","type-page","status-publish","hentry"],"_links":{"self":[{"href":"https:\/\/www.sitb.es\/index.php?rest_route=\/wp\/v2\/pages\/29","targetHints":{"allow":["GET"]}}],"collection":[{"href":"https:\/\/www.sitb.es\/index.php?rest_route=\/wp\/v2\/pages"}],"about":[{"href":"https:\/\/www.sitb.es\/index.php?rest_route=\/wp\/v2\/types\/page"}],"author":[{"embeddable":true,"href":"https:\/\/www.sitb.es\/index.php?rest_route=\/wp\/v2\/users\/1"}],"replies":[{"embeddable":true,"href":"https:\/\/www.sitb.es\/index.php?rest_route=%2Fwp%2Fv2%2Fcomments&post=29"}],"version-history":[{"count":55,"href":"https:\/\/www.sitb.es\/index.php?rest_route=\/wp\/v2\/pages\/29\/revisions"}],"predecessor-version":[{"id":4239,"href":"https:\/\/www.sitb.es\/index.php?rest_route=\/wp\/v2\/pages\/29\/revisions\/4239"}],"wp:attachment":[{"href":"https:\/\/www.sitb.es\/index.php?rest_route=%2Fwp%2Fv2%2Fmedia&parent=29"}],"curies":[{"name":"wp","href":"https:\/\/api.w.org\/{rel}","templated":true}]}}