{"id":282,"date":"2009-11-11T13:19:35","date_gmt":"2009-11-11T12:19:35","guid":{"rendered":"http:\/\/www.tapsi.usobridgestone.com\/?page_id=282"},"modified":"2019-04-23T09:47:07","modified_gmt":"2019-04-23T08:47:07","slug":"permisos-retribuidos","status":"publish","type":"page","link":"https:\/\/www.sitb.es\/?page_id=282","title":{"rendered":"Per. Retrib."},"content":{"rendered":"<p style=\"text-align: left;\">Adem\u00e1s de los d\u00edas de vacaciones que les correspondan, los trabajadores dispondr\u00e1n de un n\u00famero de d\u00edas laborables de vacaci\u00f3n en funci\u00f3n de su antig\u00fcedad, de acuerdo con la siguiente tabla:<\/p>\n<table style=\"text-align: center; height: 1066px;\" border=\"1\" width=\"150\">\n<tbody>\n<tr>\n<th colspan=\"1\" rowspan=\"1\" scope=\"row\">\n<div style=\"text-align: center;\">\n<p>A\u00f1os de antig\u00fcedad<\/p>\n<\/div>\n<\/th>\n<td colspan=\"1\" rowspan=\"1\">&nbsp;<\/p>\n<p><strong>D\u00edas de vacaciones <\/strong><\/td>\n<\/tr>\n<tr>\n<th colspan=\"1\" rowspan=\"1\" scope=\"row\">&nbsp;<\/p>\n<p><strong>25 a 29 <\/strong><\/th>\n<td colspan=\"1\" rowspan=\"1\"><b>1<\/b><\/td>\n<\/tr>\n<tr>\n<th colspan=\"1\" rowspan=\"1\" scope=\"row\">&nbsp;<\/p>\n<p><strong>30 a 34 <\/strong><\/th>\n<td colspan=\"1\" rowspan=\"1\">&nbsp;<\/p>\n<p><strong>2<\/strong><\/td>\n<\/tr>\n<tr>\n<th colspan=\"1\" rowspan=\"1\" scope=\"row\">&nbsp;<\/p>\n<p><strong>35<\/strong><\/th>\n<td colspan=\"1\" rowspan=\"1\">&nbsp;<\/p>\n<p><strong>4<\/strong><\/td>\n<\/tr>\n<tr>\n<th colspan=\"1\" rowspan=\"1\" scope=\"row\">&nbsp;<\/p>\n<p><strong>36<\/strong><\/th>\n<td colspan=\"1\" rowspan=\"1\">&nbsp;<\/p>\n<p><strong>5<\/strong><\/td>\n<\/tr>\n<tr>\n<th colspan=\"1\" rowspan=\"1\" scope=\"row\">&nbsp;<\/p>\n<p><strong>37<\/strong><\/th>\n<td colspan=\"1\" rowspan=\"1\">&nbsp;<\/p>\n<p><strong>6<\/strong><\/td>\n<\/tr>\n<tr>\n<th colspan=\"1\" rowspan=\"1\" scope=\"row\">&nbsp;<\/p>\n<p><strong>38<\/strong><\/th>\n<td colspan=\"1\" rowspan=\"1\">&nbsp;<\/p>\n<p><strong>8<\/strong><\/td>\n<\/tr>\n<tr>\n<th colspan=\"1\" rowspan=\"1\" scope=\"row\">&nbsp;<\/p>\n<p><strong>39<\/strong><\/th>\n<td colspan=\"1\" rowspan=\"1\">&nbsp;<\/p>\n<p><strong>10<\/strong><\/td>\n<\/tr>\n<tr>\n<th colspan=\"1\" rowspan=\"1\" scope=\"row\">&nbsp;<\/p>\n<p><strong>40 \u00f3 m\u00e1s <\/strong><\/th>\n<td colspan=\"1\" rowspan=\"1\">\n<div style=\"text-align: center;\">\n<p style=\"text-align: left;\"><strong>11<\/strong><\/p>\n<\/div>\n<\/td>\n<\/tr>\n<\/tbody>\n<\/table>\n<hr \/>\n<hr \/>\n<p style=\"text-align: left;\"><span style=\"color: #ff0000;\">MATRIMONIO<\/span>: <strong>15 d\u00edas naturales<\/strong><\/p>\n<p><span style=\"color: #ff0000;\">PAREJAS DE HECHO:<\/span> <strong>15 d\u00edas naturales <\/strong>desde el momento en que se formaliza la relaci\u00f3n<\/p>\n<p style=\"text-align: left;\"><span style=\"color: #ff0000;\">NACIMIENTO<\/span>: <strong>2 d\u00edas h\u00e1biles<\/strong><\/p>\n<p style=\"text-align: left;\"><span style=\"color: #ff0000;\">PATERNIDAD<\/span>: <strong>35 d\u00edas naturales<\/strong><\/p>\n<p style=\"text-align: left;\"><span style=\"color: #ff0000;\">MATERNIDAD<\/span>: <strong>16 semanas (6 obligatorias la madre)<\/strong><\/p>\n<ul style=\"text-align: left;\">\n<li><span style=\"color: #ff0000;\">LACTANCIA<\/span>: <strong>1 hora de trabajo<\/strong>, divisible en dos medias horas o <strong>reducir en 1\/2 hora la jornada<\/strong> o acumular en d\u00edas. En este caso, se multiplicar\u00eda por 0,5 el tiempo.<\/li>\n<\/ul>\n<ul style=\"text-align: left;\">\n<li><span style=\"color: #ff0000;\">PREMATUROS<\/span>: Si despu\u00e9s del nacimiento el hijo tiene que permanecer hospitalizado, por cualquier causa, la madre o el padre, podr\u00e1n ausentarse del trabajo durante <strong>1 hora<\/strong>. Asimismo, tendr\u00e1n derecho a reducir su jornada de trabajo hasta un <strong>m\u00e1ximo de 2 horas<\/strong> con la disminuci\u00f3n proporcional del salario. Si el ni\u00f1o est\u00e1 ingresado <strong>m\u00e1s de 7 d\u00edas<\/strong>, se amplia el permiso de maternidad hasta que le den de alta con un <strong>m\u00e1ximo de 13 semanas.<\/strong><\/li>\n<\/ul>\n<p style=\"text-align: left;\"><span style=\"color: #ff0000;\">FALLECIMIENTO CONYUGE O HIJOS<\/span>: <strong>5 d\u00edas h\u00e1biles<\/strong>.<\/p>\n<p style=\"text-align: left;\"><span style=\"color: #ff0000;\">FALLECIMIENTO DE PARIENTES DE HASTA 2\u00ba GRADO<\/span>: <strong>2 d\u00edas h\u00e1biles<\/strong><\/p>\n<p style=\"text-align: left;\"><span style=\"color: #ff0000;\">ACOMPA\u00d1AR A CONSULTA M\u00c9DICA A PARIENTES DE PRIMER GRADO O A TUTORIAS<\/span>: <strong>16 horas anuales.<\/strong><\/p>\n<p style=\"text-align: left;\"><span style=\"color: #ff0000;\">ACCIDENTE O ENFERMEDAD GRAVE, HOSPITALIZACION O INTERVENCION QUIRURGICA SIN HOSPITALIZACION QUE PRECISE REPOSO DOMICILIARIO<\/span>:<strong> 2 d\u00edas<\/strong> <strong>(si se necesita hacer desplazamiento, 2 d\u00edas m\u00e1s)<\/strong><\/p>\n<p style=\"text-align: left;\">En caso de <span style=\"text-decoration: underline;\"><span style=\"color: #ff0000; text-decoration: underline;\">FALLECIMIENTO<\/span> <\/span>de <strong>parientes de primer grado<\/strong>, (padres, suegros, c\u00f3nyuge o hijos), en el pago <span style=\"text-decoration: underline;\"><strong>se incluir\u00e1n los pluses<\/strong><\/span> que hubieran correspondido al trabajador de acuerdo con su calendario. Asimismo, en caso de <span style=\"text-decoration: underline; color: #ff0000;\">ENFERMEDAD GRAVE U HOSPITALIZACI\u00d3N <\/span>de parientes de primer grado de <span style=\"text-decoration: underline;\">CONSANGUINIDAD <\/span>(c\u00f3nyuge, padres o hijos), en el pago <span style=\"text-decoration: underline;\"><strong>se incluir\u00e1n los pluses<\/strong><\/span> que le hubieran correspondido al trabajador de acuerdo con su calendario.<\/p>\n<p style=\"text-align: left;\"><span style=\"color: #ff0000;\">TRASLADO DE DOMICILIO HABITUAL<\/span>: <strong>1 d\u00eda h\u00e1bil<\/strong><\/p>\n<p style=\"text-align: left;\"><span style=\"color: #ff0000;\">MATRIMONIO DE PADRES, HIJOS O HERMANOS<\/span>: <strong>Hasta 1 d\u00eda<\/strong><\/p>\n<p><span style=\"color: #ff0000;\">RENOVACI\u00d3N DE DNI, PASAPORTE O CARNET DE CONDUCIR B1<\/span>: <strong>1 d\u00eda h\u00e1bil<\/strong><\/p>\n<p style=\"text-align: left;\"><strong>EL TIEMPO INDISPENSABLE<\/strong> para cumplir un deber inexcusable de<span style=\"color: #ff0000;\"> car\u00e1cter p\u00fablico o personal<\/span><\/p>\n<p style=\"text-align: left;\"><strong>EL TIEMPO INDISPENSABLE<\/strong> para la realizaci\u00f3n de <span style=\"color: #ff0000;\">ex\u00e1menes prenatales y t\u00e9cnicas de preparaci\u00f3n al parto<\/span> que deban realizarse dentro de la jornada de trabajo.<\/p>\n<p style=\"text-align: left;\">Los <strong>permisos necesarios <\/strong>para acudir a <span style=\"color: #ff0000;\">ex\u00e1m<\/span><span style=\"color: #ff0000;\">enes<\/span>, o bien elegir el turno de trabajo (si se trabaja a turnos) que mejor nos venga para acudir a dichos ex\u00e1menes. Tambi\u00e9n tenemos derecho a la adaptaci\u00f3n de la jornada ordinaria de trabajo para la asistencia a cursos de formaci\u00f3n profesional o a la concesi\u00f3n del permiso oportuno de formaci\u00f3n o perfeccionamiento profesional con reserva del puesto de trabajo.<\/p>\n<p>&nbsp;<\/p>\n<p><img loading=\"lazy\" decoding=\"async\" class=\"wp-image-3543 aligncenter\" src=\"https:\/\/www.sitb.es\/wp-content\/uploads\/2018\/03\/grados-parentesco.jpg\" alt=\"\" width=\"351\" height=\"244\" srcset=\"https:\/\/www.sitb.es\/wp-content\/uploads\/2018\/03\/grados-parentesco.jpg 1024w, https:\/\/www.sitb.es\/wp-content\/uploads\/2018\/03\/grados-parentesco-300x209.jpg 300w, https:\/\/www.sitb.es\/wp-content\/uploads\/2018\/03\/grados-parentesco-768x534.jpg 768w\" sizes=\"auto, (max-width: 351px) 100vw, 351px\" \/><\/p>\n<p>&nbsp;<\/p>\n","protected":false},"excerpt":{"rendered":"<p>Adem\u00e1s de los d\u00edas de vacaciones que les correspondan, los trabajadores dispondr\u00e1n de un n\u00famero de d\u00edas laborables de vacaci\u00f3n en funci\u00f3n de su antig\u00fcedad, de acuerdo con la siguiente tabla: A\u00f1os de antig\u00fcedad &nbsp; D\u00edas de vacaciones &nbsp; 25 a 29 1 &nbsp; 30 a 34 &nbsp; 2 &nbsp; 35 &nbsp; 4 &nbsp; 36 [&hellip;]<\/p>\n","protected":false},"author":1,"featured_media":3543,"parent":0,"menu_order":0,"comment_status":"closed","ping_status":"closed","template":"","meta":{"_joinchat":[],"footnotes":""},"class_list":["post-282","page","type-page","status-publish","has-post-thumbnail","hentry"],"_links":{"self":[{"href":"https:\/\/www.sitb.es\/index.php?rest_route=\/wp\/v2\/pages\/282","targetHints":{"allow":["GET"]}}],"collection":[{"href":"https:\/\/www.sitb.es\/index.php?rest_route=\/wp\/v2\/pages"}],"about":[{"href":"https:\/\/www.sitb.es\/index.php?rest_route=\/wp\/v2\/types\/page"}],"author":[{"embeddable":true,"href":"https:\/\/www.sitb.es\/index.php?rest_route=\/wp\/v2\/users\/1"}],"replies":[{"embeddable":true,"href":"https:\/\/www.sitb.es\/index.php?rest_route=%2Fwp%2Fv2%2Fcomments&post=282"}],"version-history":[{"count":49,"href":"https:\/\/www.sitb.es\/index.php?rest_route=\/wp\/v2\/pages\/282\/revisions"}],"predecessor-version":[{"id":3879,"href":"https:\/\/www.sitb.es\/index.php?rest_route=\/wp\/v2\/pages\/282\/revisions\/3879"}],"wp:featuredmedia":[{"embeddable":true,"href":"https:\/\/www.sitb.es\/index.php?rest_route=\/wp\/v2\/media\/3543"}],"wp:attachment":[{"href":"https:\/\/www.sitb.es\/index.php?rest_route=%2Fwp%2Fv2%2Fmedia&parent=282"}],"curies":[{"name":"wp","href":"https:\/\/api.w.org\/{rel}","templated":true}]}}