{"id":203,"date":"2009-11-08T20:17:42","date_gmt":"2009-11-08T19:17:42","guid":{"rendered":"http:\/\/www.tapsi.usobridgestone.com\/?page_id=203"},"modified":"2014-12-26T18:51:06","modified_gmt":"2014-12-26T16:51:06","slug":"delegaciones-comerciales","status":"publish","type":"page","link":"https:\/\/www.sitb.es\/?page_id=203","title":{"rendered":"Delegaciones comerciales"},"content":{"rendered":"<p style=\"text-align: center;\">Desde aqu\u00ed podr\u00e1s descargar los \u00faltimos convenios colectivos de las Delegaciones Comerciales de Bridgestone Hispania, S.A.<br \/>\n<img loading=\"lazy\" decoding=\"async\" class=\"aligncenter size-full wp-image-558\" title=\"Delegaciones\" src=\"https:\/\/www.sitb.es\/wp-content\/uploads\/2009\/11\/Delegaciones.jpg\" alt=\"Delegaciones Comerciales\" width=\"94\" height=\"94\" \/><\/p>\n<hr \/>\n<p><a href=\"https:\/\/www.sitb.es\/conv_deleg\/bridgestone-delegaciones-2010-2011.pdf\" target=\"_blank\"><img loading=\"lazy\" decoding=\"async\" class=\"size-full wp-image-497 aligncenter\" title=\"2007-2010\" src=\"https:\/\/www.sitb.es\/wp-content\/uploads\/2009\/11\/libro.gif\" alt=\"libro\" width=\"73\" height=\"46\" \/><\/a><\/p>\n<p style=\"text-align: center;\"><a href=\"https:\/\/www.sitb.es\/wp-content\/uploads\/2014\/11\/16-cc-Bridgestone-Delegaciones.pdf\" target=\"_blank\">XVI Convenio (2013-2015)<\/a><\/p>\n<p style=\"text-align: center;\">Convenios anteriores<\/p>\n<p><a href=\"https:\/\/www.sitb.es\/conv_deleg\/bridgestone-delegaciones-2010-2011.pdf\" target=\"_blank\"><img loading=\"lazy\" decoding=\"async\" class=\"size-full wp-image-497  alignleft\" title=\"2007-2010\" src=\"https:\/\/www.sitb.es\/wp-content\/uploads\/2009\/11\/libro.gif\" alt=\"libro\" width=\"73\" height=\"46\" \/><\/a><\/p>\n<p style=\"text-align: center;\"><a class=\"alignleft\" title=\"Convenio 2.010-1.011\" href=\"https:\/\/www.sitb.es\/conv_deleg\/bridgestone-delegaciones-2010-2011.pdf\" target=\"_blank\">XV Convenio (2.010 &#8211; 2.011)<\/a><\/p>\n<p><a href=\"https:\/\/www.sitb.es\/conv_deleg\/bridgestone-delegaciones-2007-2010.pdf\" target=\"_blank\"><img loading=\"lazy\" decoding=\"async\" class=\"size-full wp-image-497  alignleft\" title=\"2007-2010\" src=\"https:\/\/www.sitb.es\/wp-content\/uploads\/2009\/11\/libro.gif\" alt=\"libro\" width=\"73\" height=\"46\" \/><\/a><\/p>\n<p style=\"text-align: center;\"><a class=\"alignleft\" title=\"Convenio 2.007-1.010\" href=\"https:\/\/www.sitb.es\/conv_deleg\/bridgestone-delegaciones-2007-2010.pdf\" target=\"_blank\">XIV Convenio (2.007 &#8211; 2.010)<\/a><\/p>\n<p style=\"text-align: center;\">\n<p style=\"text-align: center;\">\n<p style=\"text-align: center;\">\n<p style=\"text-align: center;\">\n<p style=\"text-align: center;\">\n<p style=\"text-align: center;\">.<\/p>\n","protected":false},"excerpt":{"rendered":"<p>Desde aqu\u00ed podr\u00e1s descargar los \u00faltimos convenios colectivos de las Delegaciones Comerciales de Bridgestone Hispania, S.A. XVI Convenio (2013-2015) Convenios anteriores XV Convenio (2.010 &#8211; 2.011) XIV Convenio (2.007 &#8211; 2.010) .<\/p>\n","protected":false},"author":1,"featured_media":0,"parent":198,"menu_order":0,"comment_status":"closed","ping_status":"closed","template":"","meta":{"_joinchat":[],"footnotes":""},"class_list":["post-203","page","type-page","status-publish","hentry"],"_links":{"self":[{"href":"https:\/\/www.sitb.es\/index.php?rest_route=\/wp\/v2\/pages\/203","targetHints":{"allow":["GET"]}}],"collection":[{"href":"https:\/\/www.sitb.es\/index.php?rest_route=\/wp\/v2\/pages"}],"about":[{"href":"https:\/\/www.sitb.es\/index.php?rest_route=\/wp\/v2\/types\/page"}],"author":[{"embeddable":true,"href":"https:\/\/www.sitb.es\/index.php?rest_route=\/wp\/v2\/users\/1"}],"replies":[{"embeddable":true,"href":"https:\/\/www.sitb.es\/index.php?rest_route=%2Fwp%2Fv2%2Fcomments&post=203"}],"version-history":[{"count":20,"href":"https:\/\/www.sitb.es\/index.php?rest_route=\/wp\/v2\/pages\/203\/revisions"}],"predecessor-version":[{"id":2540,"href":"https:\/\/www.sitb.es\/index.php?rest_route=\/wp\/v2\/pages\/203\/revisions\/2540"}],"up":[{"embeddable":true,"href":"https:\/\/www.sitb.es\/index.php?rest_route=\/wp\/v2\/pages\/198"}],"wp:attachment":[{"href":"https:\/\/www.sitb.es\/index.php?rest_route=%2Fwp%2Fv2%2Fmedia&parent=203"}],"curies":[{"name":"wp","href":"https:\/\/api.w.org\/{rel}","templated":true}]}}