{"id":1058,"date":"2010-06-04T00:31:07","date_gmt":"2010-06-03T22:31:07","guid":{"rendered":"http:\/\/sitb.es\/?page_id=1058"},"modified":"2022-06-13T17:45:38","modified_gmt":"2022-06-13T16:45:38","slug":"denuncia-un-riesgo-laboral","status":"publish","type":"page","link":"https:\/\/www.sitb.es\/?page_id=1058","title":{"rendered":"Denuncia un riesgo laboral"},"content":{"rendered":"<p><img loading=\"lazy\" decoding=\"async\" class=\"alignleft\" src=\"https:\/\/www.sitb.es\/wp-content\/uploads\/iconos\/banner_quejate.gif\" alt=\"\" width=\"216\" height=\"265\" \/><\/p>\n<p style=\"text-align: justify;\">Ponemos a tu disposici\u00f3n este formulario para que nos digas si en tu puesto de trabajo o en cualquier otro lugar de la f\u00e1brica que conozcas y que por una raz\u00f3n o por otra no haya sido posible poner en conocimiento del departamento de Seguridad y Salud Laboral de tu planta.<\/p>\n<p style=\"text-align: justify;\">A veces solo nos damos cuenta del riesgo en el momento en el que estamos trabajando y despu\u00e9s simplemente se nos olvida. Este apartado, creemos que puede servir para recordarte aquella situaci\u00f3n que est\u00e1s harto de ver y crees que deber\u00eda ser puesta en conocimiento del departamento de Seguridad y Salud Laboral.<\/p>\n<p style=\"text-align: justify;\">Con esto nos comprometemos a examinar el riesgo denunciado y a intentar solucionarlo tan pronto como nos sea posible.<\/p>\n<p style=\"text-align: justify;\">Por motivos obvios, \u00fanicamente podemos dar nuestro compromiso de visita en las plantas de PSM y de Burgos, aunque en un futuro, tal vez podamos hacerlo para todas las plantas.<\/p>\n<hr \/>\n<table class=\"wp-list-table widefat fixed striped table-view-list forms\">\n<tbody id=\"the-list\" data-wp-lists=\"list:form\">\n<tr>\n<td class=\"shortcode column-shortcode\" data-colname=\"Shortcode\"><div class=\"wpforms-container wpforms-container-full\" id=\"wpforms-4742\"><form id=\"wpforms-form-4742\" class=\"wpforms-validate wpforms-form wpforms-ajax-form\" data-formid=\"4742\" method=\"post\" enctype=\"multipart\/form-data\" action=\"\/index.php?rest_route=%2Fwp%2Fv2%2Fpages%2F1058\" data-token=\"0f0bbf60ffe5f56aa0ff2671c7be0f0a\" data-token-time=\"1777019644\"><noscript class=\"wpforms-error-noscript\">Por favor, activa JavaScript en tu navegador para completar este formulario.<\/noscript><div class=\"wpforms-field-container\"><div id=\"wpforms-4742-field_1-container\" class=\"wpforms-field wpforms-field-text\" data-field-id=\"1\"><label class=\"wpforms-field-label\" for=\"wpforms-4742-field_1\">Nombre <span class=\"wpforms-required-label\">*<\/span><\/label><input type=\"text\" id=\"wpforms-4742-field_1\" class=\"wpforms-field-medium wpforms-field-required\" name=\"wpforms[fields][1]\" required><\/div><div id=\"wpforms-4742-field_2-container\" class=\"wpforms-field wpforms-field-select wpforms-field-select-style-classic\" data-field-id=\"2\"><label class=\"wpforms-field-label\" for=\"wpforms-4742-field_2\">Planta <span class=\"wpforms-required-label\">*<\/span><\/label><select id=\"wpforms-4742-field_2\" class=\"wpforms-field-medium wpforms-field-required\" name=\"wpforms[fields][2]\" required=\"required\"><option value=\"Burgos\"  class=\"choice-1 depth-1\"  >Burgos<\/option><option value=\"Basauri\"  class=\"choice-2 depth-1\"  >Basauri<\/option><option value=\"Us\u00e1nsolo\"  class=\"choice-3 depth-1\"  >Us\u00e1nsolo<\/option><option value=\"PSM\"  class=\"choice-4 depth-1\"  >PSM<\/option><option value=\"Otros\"  class=\"choice-5 depth-1\"  >Otros<\/option><\/select><\/div><div id=\"wpforms-4742-field_3-container\" class=\"wpforms-field wpforms-field-select wpforms-field-select-style-classic\" data-field-id=\"3\"><label class=\"wpforms-field-label\" for=\"wpforms-4742-field_3\">Riesgo <span class=\"wpforms-required-label\">*<\/span><\/label><select id=\"wpforms-4742-field_3\" class=\"wpforms-field-medium wpforms-field-required\" name=\"wpforms[fields][3]\" required=\"required\"><option value=\"Bajo\"  class=\"choice-1 depth-1\"  >Bajo<\/option><option value=\"Medio\"  class=\"choice-2 depth-1\"  >Medio<\/option><option value=\"Alto\"  class=\"choice-3 depth-1\"  >Alto<\/option><\/select><\/div><div id=\"wpforms-4742-field_4-container\" class=\"wpforms-field wpforms-field-email\" data-field-id=\"4\"><label class=\"wpforms-field-label\" for=\"wpforms-4742-field_4\">Correo electr\u00f3nico <span class=\"wpforms-required-label\">*<\/span><\/label><input type=\"email\" id=\"wpforms-4742-field_4\" class=\"wpforms-field-medium wpforms-field-required\" name=\"wpforms[fields][4]\" spellcheck=\"false\" required><\/div><div id=\"wpforms-4742-field_5-container\" class=\"wpforms-field wpforms-field-textarea\" data-field-id=\"5\"><label class=\"wpforms-field-label\" for=\"wpforms-4742-field_5\">Describe el riesgo <span class=\"wpforms-required-label\">*<\/span><\/label><textarea id=\"wpforms-4742-field_5\" class=\"wpforms-field-medium wpforms-field-required\" name=\"wpforms[fields][5]\" required><\/textarea><\/div><div id=\"wpforms-4742-field_7-container\" class=\"wpforms-field wpforms-field-checkbox\" data-field-id=\"7\"><ul id=\"wpforms-4742-field_7\" class=\"wpforms-field-required\"><li class=\"choice-1 depth-1\"><input type=\"checkbox\" id=\"wpforms-4742-field_7_1\" name=\"wpforms[fields][7][]\" value=\"Confirmo haber leido los &lt;a href=&quot;https:\/\/www.sitb.es\/?page_id=3599&quot; target=&quot;_blank&quot; rel=&quot;noopener&quot;&gt;Avisos Legales&lt;\/a&gt; y la &lt;a href=&quot; https:\/\/www.sitb.es\/?page_id=3603 &quot; target=&quot;_blank&quot; rel=&quot;noopener&quot;&gt;Pol\u00edtica de Privacidad&lt;\/a&gt;\" required ><label class=\"wpforms-field-label-inline\" for=\"wpforms-4742-field_7_1\">Confirmo haber leido los <a href=\"https:\/\/www.sitb.es\/?page_id=3599\" target=\"_blank\" rel=\"noopener\">Avisos Legales<\/a> y la <a href=\"https:\/\/www.sitb.es\/?page_id=3603\" target=\"_blank\" rel=\"noopener\">Pol\u00edtica de Privacidad<\/a><\/label><\/li><\/ul><\/div><\/div><!-- .wpforms-field-container --><div class=\"wpforms-recaptcha-container wpforms-is-hcaptcha\" ><div class=\"h-captcha\" data-sitekey=\"0c28fb95-b9ef-4835-a8ef-cbb5b22a5691\"><\/div><input type=\"text\" name=\"g-recaptcha-hidden\" class=\"wpforms-recaptcha-hidden\" style=\"position:absolute!important;clip:rect(0,0,0,0)!important;height:1px!important;width:1px!important;border:0!important;overflow:hidden!important;padding:0!important;margin:0!important;\" data-rule-hcaptcha=\"1\"><\/div><div class=\"wpforms-submit-container\" ><input type=\"hidden\" name=\"wpforms[id]\" value=\"4742\"><input type=\"hidden\" name=\"page_title\" value=\"\"><input type=\"hidden\" name=\"page_url\" value=\"https:\/\/www.sitb.es\/index.php?rest_route=\/wp\/v2\/pages\/1058\"><input type=\"hidden\" name=\"url_referer\" value=\"\"><button type=\"submit\" name=\"wpforms[submit]\" id=\"wpforms-submit-4742\" class=\"wpforms-submit\" data-alt-text=\"Enviando...\" data-submit-text=\"Enviar\" aria-live=\"assertive\" value=\"wpforms-submit\">Enviar<\/button><img loading=\"lazy\" decoding=\"async\" src=\"https:\/\/www.sitb.es\/wp-content\/plugins\/wpforms-lite\/assets\/images\/submit-spin.svg\" class=\"wpforms-submit-spinner\" style=\"display: none;\" width=\"26\" height=\"26\" alt=\"Cargando\"><\/div><\/form><\/div>  <!-- .wpforms-container --><\/td>\n<\/tr>\n<\/tbody>\n<\/table>\n<p style=\"text-align: justify;\">Recuerda que cuantos m\u00e1s datos nos des m\u00e1s f\u00e1cil ser\u00e1 localizar el riesgo.<\/p>\n<p style=\"text-align: justify;\">Procura escribir correctamente tu e mail, ya que posiblemente tengamos que ponernos en contacto contigo.<\/p>\n","protected":false},"excerpt":{"rendered":"<p>Ponemos a tu disposici\u00f3n este formulario para que nos digas si en tu puesto de trabajo o en cualquier otro lugar de la f\u00e1brica que conozcas y que por una raz\u00f3n o por otra no haya sido posible poner en conocimiento del departamento de Seguridad y Salud Laboral de tu planta. A veces solo nos [&hellip;]<\/p>\n","protected":false},"author":1,"featured_media":0,"parent":64,"menu_order":0,"comment_status":"closed","ping_status":"open","template":"","meta":{"_joinchat":[],"footnotes":""},"class_list":["post-1058","page","type-page","status-publish","hentry"],"_links":{"self":[{"href":"https:\/\/www.sitb.es\/index.php?rest_route=\/wp\/v2\/pages\/1058","targetHints":{"allow":["GET"]}}],"collection":[{"href":"https:\/\/www.sitb.es\/index.php?rest_route=\/wp\/v2\/pages"}],"about":[{"href":"https:\/\/www.sitb.es\/index.php?rest_route=\/wp\/v2\/types\/page"}],"author":[{"embeddable":true,"href":"https:\/\/www.sitb.es\/index.php?rest_route=\/wp\/v2\/users\/1"}],"replies":[{"embeddable":true,"href":"https:\/\/www.sitb.es\/index.php?rest_route=%2Fwp%2Fv2%2Fcomments&post=1058"}],"version-history":[{"count":10,"href":"https:\/\/www.sitb.es\/index.php?rest_route=\/wp\/v2\/pages\/1058\/revisions"}],"predecessor-version":[{"id":4746,"href":"https:\/\/www.sitb.es\/index.php?rest_route=\/wp\/v2\/pages\/1058\/revisions\/4746"}],"up":[{"embeddable":true,"href":"https:\/\/www.sitb.es\/index.php?rest_route=\/wp\/v2\/pages\/64"}],"wp:attachment":[{"href":"https:\/\/www.sitb.es\/index.php?rest_route=%2Fwp%2Fv2%2Fmedia&parent=1058"}],"curies":[{"name":"wp","href":"https:\/\/api.w.org\/{rel}","templated":true}]}}